{"id":802,"date":"2016-12-06T14:39:37","date_gmt":"2016-12-06T14:39:37","guid":{"rendered":"http:\/\/zahnarztpraxis-klisch-waschul.de\/?page_id=802"},"modified":"2018-06-07T10:41:36","modified_gmt":"2018-06-07T10:41:36","slug":"datenschutz","status":"publish","type":"page","link":"https:\/\/zahnarztpraxis-klisch-waschul.de\/?page_id=802","title":{"rendered":"Datenschutz"},"content":{"rendered":"[vc_row][vc_column width=&#8220;1\/4&#8243;][vc_custom_heading text=&#8220;Datenschutz ist uns wichtig&#8220; font_container=&#8220;tag:h1|text_align:left&#8220; use_theme_fonts=&#8220;yes&#8220; css=&#8220;.vc_custom_1481035473460{margin-top: 0px !important;}&#8220;][\/vc_column][vc_column width=&#8220;3\/4&#8243;][vc_custom_heading text=&#8220;Grundsatz&#8220; font_container=&#8220;tag:h3|text_align:left&#8220; use_theme_fonts=&#8220;yes&#8220; css=&#8220;.vc_custom_1481035799897{margin-top: 0px !important;}&#8220;][vc_column_text css=&#8220;.vc_custom_1481037717480{margin-bottom: 15px !important;}&#8220;]Wir nehmen den Schutz Ihrer pers\u00f6nlichen Daten sehr ernst und behandeln Ihre personenbezogenen Daten vertraulich und entsprechend der gesetzlichen Datenschutzvorschriften sowie dieser Datenschutzerkl\u00e4rung.[\/vc_column_text][vc_empty_space height=&#8220;20px&#8220;][vc_custom_heading text=&#8220;Erhebung von Daten&#8220; font_container=&#8220;tag:h3|text_align:left&#8220; use_theme_fonts=&#8220;yes&#8220; css=&#8220;.vc_custom_1481035850653{margin-top: 0px !important;}&#8220;][vc_column_text css=&#8220;.vc_custom_1481037690263{margin-bottom: 15px !important;}&#8220;]Wir erheben und verarbeiten personenbezogene Daten nur, soweit diese f\u00fcr die Begr\u00fcndung und inhaltliche Ausgestaltung oder \u00c4nderung des Rechtsverh\u00e4ltnisses erforderlich sind (Bestandsdaten). Personenbezogene Daten \u00fcber die Inanspruchnahme unserer Internetseiten (Nutzungsdaten) erheben wir nicht.[\/vc_column_text][vc_empty_space height=&#8220;20px&#8220;][vc_custom_heading text=&#8220;Datenverarbeitung auf dieser Seite&#8220; font_container=&#8220;tag:h3|text_align:left&#8220; use_theme_fonts=&#8220;yes&#8220; css=&#8220;.vc_custom_1481035885117{margin-top: 0px !important;}&#8220;][vc_column_text css=&#8220;.vc_custom_1481037678622{margin-bottom: 15px !important;}&#8220;]Wir erheben und speichern automatisch Informationen in Log Files, die Ihr Browser automatisch an uns \u00fcbermittelt. Dies sind Browsertyp\/ Browserversion, verwendetes Betriebssystem, Referrer URL und\u00a0 Uhrzeit der Serveranfrage. Diese Daten sind nicht bestimmten Personen zuordenbar. Eine Zusammenf\u00fchrung dieser Daten mit anderen Datenquellen wird nicht vorgenommen.[\/vc_column_text][vc_empty_space height=&#8220;20px&#8220;][vc_custom_heading text=&#8220;Kontaktformular&#8220; font_container=&#8220;tag:h3|text_align:left&#8220; use_theme_fonts=&#8220;yes&#8220; css=&#8220;.vc_custom_1481035907256{margin-top: 0px !important;}&#8220;][vc_column_text css=&#8220;.vc_custom_1525882591073{margin-bottom: 15px !important;}&#8220;]Wenn Sie uns per Kontaktformular Anfragen zukommen lassen, werden Ihre Angaben aus dem Anfrageformular inklusive der von Ihnen dort angegebenen Kontaktdaten zwecks Bearbeitung der Anfrage und f\u00fcr den Fall von Anschlussfragen bei uns gespeichert. Diese Daten geben wir nicht ohne Ihre Einwilligung weiter.\u00a0Selbstverst\u00e4ndlich haben Sie jederzeit die M\u00f6glichkeit der Erhebung, Verarbeitung und Nutzung Ihrer Daten zu widersprechen und Ihre erteilte Einwilligung f\u00fcr die Zukunft zu widerrufen.[\/vc_column_text][vc_custom_heading text=&#8220;E-Mail Korrespondenz&#8220; font_container=&#8220;tag:h3|text_align:left&#8220; use_theme_fonts=&#8220;yes&#8220; css=&#8220;.vc_custom_1527588514843{margin-top: 0px !important;}&#8220;][vc_column_text css=&#8220;.vc_custom_1527588528213{margin-bottom: 15px !important;}&#8220;]Bitte beachten Sie, dass die Kommunikation per E-Mail Sicherheitsl\u00fccken aufweisen kann. E-Mails k\u00f6nnen auf dem Weg an die Mitarbeiter des Verlages von versierten Internet Nutzern aufgehalten und eingesehen werden. Sollte der verlag menden eine E-Mail von Ihnen erhalten, so gehen wir davon aus, dass wir auch zu einer Beantwortung per E-Mail berechtigt sind. Ansonsten bitten wir Sie, eine andere Art der Kommunikation (z.B. \u00fcber den Postweg) zu nutzen.[\/vc_column_text][vc_custom_heading text=&#8220;Google Maps&#8220; font_container=&#8220;tag:h3|text_align:left&#8220; use_theme_fonts=&#8220;yes&#8220; css=&#8220;.vc_custom_1525882605438{margin-top: 0px !important;}&#8220;][vc_column_text css=&#8220;.vc_custom_1527588445541{margin-bottom: 15px !important;}&#8220;]Diese Webseite verwendet das Produkt Google Maps von Google Inc. Durch Nutzung dieser Webseite erkl\u00e4ren Sie sich mit der Erfassung, Bearbeitung sowie Nutzung der automatisiert erhobenen Daten durch Google Inc, deren Vertreter sowie Dritter einverstanden. \u00a0Die Nutzungsbedingungen von Google Maps finden sie unter:<br \/>\n<a href=\"https:\/\/www.google.com\/intl\/de_de\/help\/terms_maps.html\">Nutzungsbedingungen von Google Maps<\/a>[\/vc_column_text][vc_custom_heading text=&#8220;Google Fonts&#8220; font_container=&#8220;tag:h3|text_align:left&#8220; use_theme_fonts=&#8220;yes&#8220; css=&#8220;.vc_custom_1527588396288{margin-top: 0px !important;}&#8220;][vc_column_text css=&#8220;.vc_custom_1527588457104{margin-bottom: 15px !important;}&#8220;]\n<div class=\"vc_row wpb_row vc_row-fluid vc_custom_1462526660242\">\n<div class=\"wpb_column vc_column_container vc_col-sm-12\">\n<div class=\"vc_column-inner \">\n<div class=\"wpb_wrapper\">\n<div class=\"wpb_text_column wpb_content_element wpb_animate_when_almost_visible wpb_appear wpb_start_animation\">\n<div class=\"wpb_wrapper\">\n<div>\n<p>Auf dieser Internetseite werden externe Schriften, Google Fonts verwendet. Google Fonts ist ein Dienst der Google Inc. (\u201eGoogle\u201c). Die Einbindung dieser Web Fonts erfolgt durch einen Serveraufruf, in der Regel ein Server von Google in den USA. Hierdurch wird an den Server \u00fcbermittelt, welche Internetseite Sie besucht haben. Auch wird die IP-Adresse des Browsers des Endger\u00e4tes des Besuchers dieser Internetseiten von Google gespeichert. N\u00e4here Informationen finden Sie in den Datenschutzhinweisen von Google, die Sie hier abrufen k\u00f6nnen:<br \/>\n<a class=\"text\" href=\"https:\/\/www.google.com\/fonts#AboutPlace:about\" target=\"_blank\" rel=\"nofollow noopener noreferrer\">www.google.com\/fonts#AboutPlace:about<\/a><br \/>\n<a class=\"text\" href=\"https:\/\/www.google.com\/policies\/privacy\/\" target=\"_blank\" rel=\"nofollow noopener noreferrer\">www.google.com\/policies\/privacy\/<\/a><\/p>\n<\/div>\n<div><\/div>\n<\/div>\n<\/div>\n<\/div>\n<\/div>\n<\/div>\n<\/div>\n<div class=\"vc_row wpb_row vc_row-fluid\"><\/div>\n[\/vc_column_text][\/vc_column][\/vc_row][vc_row][vc_column][vc_separator][\/vc_column][\/vc_row]\n","protected":false},"excerpt":{"rendered":"<p>[vc_row][vc_column width=&#8220;1\/4&#8243;][vc_custom_heading text=&#8220;Datenschutz ist uns wichtig&#8220; font_container=&#8220;tag:h1|text_align:left&#8220; use_theme_fonts=&#8220;yes&#8220; css=&#8220;.vc_custom_1481035473460{margin-top: 0px !important;}&#8220;][\/vc_column][vc_column width=&#8220;3\/4&#8243;][vc_custom_heading text=&#8220;Grundsatz&#8220; font_container=&#8220;tag:h3|text_align:left&#8220; use_theme_fonts=&#8220;yes&#8220; css=&#8220;.vc_custom_1481035799897{margin-top: 0px !important;}&#8220;][vc_column_text css=&#8220;.vc_custom_1481037717480{margin-bottom: 15px !important;}&#8220;]Wir nehmen den Schutz Ihrer pers\u00f6nlichen Daten sehr ernst und [&hellip;]<\/p>\n","protected":false},"author":1,"featured_media":0,"parent":0,"menu_order":0,"comment_status":"closed","ping_status":"closed","template":"","meta":{"footnotes":""},"_links":{"self":[{"href":"https:\/\/zahnarztpraxis-klisch-waschul.de\/index.php?rest_route=\/wp\/v2\/pages\/802"}],"collection":[{"href":"https:\/\/zahnarztpraxis-klisch-waschul.de\/index.php?rest_route=\/wp\/v2\/pages"}],"about":[{"href":"https:\/\/zahnarztpraxis-klisch-waschul.de\/index.php?rest_route=\/wp\/v2\/types\/page"}],"author":[{"embeddable":true,"href":"https:\/\/zahnarztpraxis-klisch-waschul.de\/index.php?rest_route=\/wp\/v2\/users\/1"}],"replies":[{"embeddable":true,"href":"https:\/\/zahnarztpraxis-klisch-waschul.de\/index.php?rest_route=%2Fwp%2Fv2%2Fcomments&post=802"}],"version-history":[{"count":11,"href":"https:\/\/zahnarztpraxis-klisch-waschul.de\/index.php?rest_route=\/wp\/v2\/pages\/802\/revisions"}],"predecessor-version":[{"id":804,"href":"https:\/\/zahnarztpraxis-klisch-waschul.de\/index.php?rest_route=\/wp\/v2\/pages\/802\/revisions\/804"}],"wp:attachment":[{"href":"https:\/\/zahnarztpraxis-klisch-waschul.de\/index.php?rest_route=%2Fwp%2Fv2%2Fmedia&parent=802"}],"curies":[{"name":"wp","href":"https:\/\/api.w.org\/{rel}","templated":true}]}}