{"id":7,"date":"2016-11-22T12:57:16","date_gmt":"2016-11-22T12:57:16","guid":{"rendered":"http:\/\/zahnarztpraxis-klisch-waschul.de\/?page_id=7"},"modified":"2017-04-26T10:14:03","modified_gmt":"2017-04-26T10:14:03","slug":"unsere-leistungen","status":"publish","type":"page","link":"https:\/\/zahnarztpraxis-klisch-waschul.de\/?page_id=7","title":{"rendered":"Unsere Leistungen"},"content":{"rendered":"[vc_row][vc_column][rev_slider_vc alias=&#8220;leistungen&#8220;][\/vc_column][\/vc_row][vc_row][vc_column][vc_tta_accordion active_section=&#8220;1&#8243; no_fill=&#8220;true&#8220; collapsible_all=&#8220;true&#8220; css=&#8220;.vc_custom_1493201639695{background-color: rgba(94,185,211,0.42) !important;*background-color: rgb(94,185,211) !important;}&#8220;][vc_tta_section title=&#8220;\u00c4sthetische Zahnheilkunde&#8220; tab_id=&#8220;1492686447756-6b0904db-a0df&#8220;][vc_column_text]\u00c4sthetik in Perfektion steht bei uns im Vordergrund. Abgestimmt mit Kaufunktion und Kaubewegungen harmonisieren die prothetischen Restaurationen. In schwierigen F\u00e4llen, kann die Kaufunktion und die Kaubelastung digital <em>(T-Scan)<\/em> erfasst und ausgewertet werden.<\/p>\n<p>Hoch\u00e4sthetische, auf die individuelle Zahnfarbe abgestimmte F\u00fcllungskunststoffe oder auch Keramikf\u00fcllungen <em>(Inlays)<\/em>,Veneers<em> (Verblendschalen)<\/em>, Teil-oder Vollkronen sorgen f\u00fcr ein nat\u00fcrliches Aussehen.[\/vc_column_text][\/vc_tta_section][vc_tta_section title=&#8220;Digitale Farbmessung&#8220; tab_id=&#8220;1492686447793-e7e53c24-5c30&#8243;][vc_column_text]Die individuelle Zahnfarbe erfassen wir digital, so dass es zu einem optimalen, objektiven und reproduzierbaren Farbergebnis kommt.[\/vc_column_text][\/vc_tta_section][vc_tta_section title=&#8220;CAD\/CAM ( Cerec)&#8220; tab_id=&#8220;1492686719067-82f059da-2b42&#8243;][vc_column_text]Durch modernste CAD\/CAM Technologie ist es m\u00f6glich vollkeramische Restauration ohne Abformung in nur einer Behandlungsitzung herzustellen. Kein W\u00fcrgereiz, keine Provisorien, keine 2. Bet\u00e4ubung.[\/vc_column_text][\/vc_tta_section][vc_tta_section title=&#8220;Implantologie&#8220; tab_id=&#8220;1492686745697-b3c55b24-2926&#8243;][vc_column_text]Sollte die vorhandene Anzahl an Z\u00e4hnen f\u00fcr eine Zahnersatzversorgung nicht ausreichend sein, k\u00f6nnen diese durch k\u00fcnstliche Zahnwurzeln aus reinem Titan vermehrt werden. Sicherheit, auch in schwierigen Situationen, gibt eine dreidimensionale Aufnahme <em>(DVT)<\/em>. Eine navigierte Implantation wir durch Computertechnik erm\u00f6glicht.[\/vc_column_text][\/vc_tta_section][vc_tta_section title=&#8220;Knochenaufbau (Augmentation)&#8220; tab_id=&#8220;1492686781777-f09f4992-cd3d&#8220;][vc_column_text]Ist zu wenig Eigenknochen vorhanden, kann dieser durch eine k\u00fcnstliche Knochensubstanz aufgebaut werden. Eine M\u00f6glichkeit der Knochenregeneration kann mit.[\/vc_column_text][\/vc_tta_section][vc_tta_section title=&#8220;P.R.G.F ( Plasma Rich in growth factor)&#8220; tab_id=&#8220;1492686811094-1dba87dc-1066&#8243;][vc_column_text]erzielt werden. Aus Eigenblut werden die Plasmazellen heraus zentrifugiert, die die optimale Konzentration an Wachstumsfaktoren f\u00fcr die Knochenregeneration enthalten. PRGF beschleunigt den Heilungsprozess und die Qualit\u00e4t des Knochens enorm.[\/vc_column_text][\/vc_tta_section][vc_tta_section title=&#8220;Parodontologie&#8220; tab_id=&#8220;1492686812384-6c239673-5580&#8243;][vc_column_text]Zahnfleischbluten, Zahnfleischr\u00fcckgang, Zahnlockerung sind Anzeichen einer Zahnbetterkrankung <em>(Parodontitis)<\/em>. Um einer chronischen Parodontitis vorzubeugen, sollte schon bei den ersten Anzeichen eine gr\u00fcndliche Untersuchung erfolgen.[\/vc_column_text][\/vc_tta_section][vc_tta_section title=&#8220;Freiliegende Wurzeloberfl\u00e4chen (Rezessionen)&#8220; tab_id=&#8220;1492686813349-fa606c8d-e81a&#8220;][vc_column_text]Ist das Zahnfleisch an einem oder mehreren Z\u00e4hnen zur\u00fcckgegangen, liegen meistens die Wurzeloberfl\u00e4che(n) frei. Die \u00c4sthetik ist beeintr\u00e4chtigt, zus\u00e4tzlich kann es zu schmerzhaften \u00dcberempfindlichkeiten kommen. Mit modernsten chirurgischen Techniken k\u00f6nnen solche Rezessionen behandelt werden. Wir beraten Sie gerne.[\/vc_column_text][\/vc_tta_section][vc_tta_section title=&#8220;Diodenlaser&#8220; tab_id=&#8220;1492686814321-80d64e91-2c74&#8243;][vc_column_text]Der Laser kann unterst\u00fctzend in der Parodontitisbehandlung , Wurzelbehandlung und kleinen chirurgischen Eingriffen eingesetzt werden. Die Eingriffe sind unblutig und schmerzfrei.<\/p>\n<p>Zum Beispiel\u00a0k\u00f6nnen immer wiederkehrende Aphten <em>(schmerzhafte Schleimhautbl\u00e4schen)<\/em> therapiert werden.[\/vc_column_text][\/vc_tta_section][vc_tta_section title=&#8220;Computergesteuerte An\u00e4sthesie&#8220; tab_id=&#8220;1492686815267-a65d18d5-61a7&#8243;][vc_column_text]Schmerzhafte Bet\u00e4ubung kann durch eine computergesteuerte An\u00e4sthesie verhindert werden.[\/vc_column_text][\/vc_tta_section][vc_tta_section title=&#8220;Wurzelbehandlung (Endodontie)&#8220; tab_id=&#8220;1492686887976-c72986dc-97fc&#8220;][vc_column_text]Eine Wurzelbehandlung wird notwendig, wenn ein Zahnnerv infolge einer tiefen Karies oder eines Unfalls gesch\u00e4digt ist. Mit modernsten Behandlungsmethoden und Ger\u00e4ten k\u00f6nnen diese Z\u00e4hne behandelt werden und vor Zahnverlust bewahren. Als eine fortschrittliche Entwicklung in der Wurzelbehandlung ist der Einsatz unseres Operationsmikroskops.[\/vc_column_text][\/vc_tta_section][vc_tta_section title=&#8220;Revisionsbehandlung ( Erneuerung einer alten Wurzelbehandlung)&#8220; tab_id=&#8220;1492686903750-605d712b-9a7b&#8220;][vc_column_text]Bei einer Revision wird eine bereits eingebrachte Wurzelf\u00fcllung entfernt und nach antimikrobiellen Ma\u00dfnahmen und Beschwerdefreiheit durch eine neue Wurzelf\u00fcllung ersetzt.[\/vc_column_text][\/vc_tta_section][vc_tta_section title=&#8220;Angstpatienten&#8220; tab_id=&#8220;1492686929096-784f0095-90e7&#8243;][vc_column_text]Mit viel Erfahrung und Geduld werden wir Ihnen helfen, ihre Angst abzubauen. Gerne bieten wir Ihnen auch eine Behandlung in Vollnarkose an.[\/vc_column_text][\/vc_tta_section][vc_tta_section title=&#8220;Zahn\u00e4rztliche Chirurgie&#8220; tab_id=&#8220;1492686945756-405ed555-e3cf&#8220;][vc_column_text]Zahn- und Weisheitszahnentfernungen, Wurzelspitzenresektion u.a. geh\u00f6ren zu unserem Behandlungspektrum.[\/vc_column_text][\/vc_tta_section][vc_tta_section title=&#8220;Schlaftherapie&#8220; tab_id=&#8220;1492686963192-e716c64e-566c&#8220;][vc_column_text]Wenn Sie nachts schnarchen oder ihre Atmung zeitweise aussetzt <em>(Apnoe)<\/em>, sie sich tags\u00fcber dadurch m\u00fcde und abgeschlagen f\u00fchlen und ihr Blutdruck zu hoch ist, besteht die M\u00f6glichkeit, dass Sie unter einer Schlafabnoe leiden. Es ist wichtig diese zu diagnostizieren und entsprechend zu behandeln. Wir beraten Sie gerne.[\/vc_column_text][\/vc_tta_section][\/vc_tta_accordion][\/vc_column][\/vc_row]\n","protected":false},"excerpt":{"rendered":"<p>[vc_row][vc_column][rev_slider_vc alias=&#8220;leistungen&#8220;][\/vc_column][\/vc_row][vc_row][vc_column][vc_tta_accordion active_section=&#8220;1&#8243; no_fill=&#8220;true&#8220; collapsible_all=&#8220;true&#8220; css=&#8220;.vc_custom_1493201639695{background-color: rgba(94,185,211,0.42) !important;*background-color: rgb(94,185,211) !important;}&#8220;][vc_tta_section title=&#8220;\u00c4sthetische Zahnheilkunde&#8220; tab_id=&#8220;1492686447756-6b0904db-a0df&#8220;][vc_column_text]\u00c4sthetik in Perfektion steht bei uns im Vordergrund. Abgestimmt mit Kaufunktion und Kaubewegungen harmonisieren die prothetischen Restaurationen. In [&hellip;]<\/p>\n","protected":false},"author":1,"featured_media":0,"parent":0,"menu_order":0,"comment_status":"closed","ping_status":"closed","template":"","meta":{"footnotes":""},"_links":{"self":[{"href":"https:\/\/zahnarztpraxis-klisch-waschul.de\/index.php?rest_route=\/wp\/v2\/pages\/7"}],"collection":[{"href":"https:\/\/zahnarztpraxis-klisch-waschul.de\/index.php?rest_route=\/wp\/v2\/pages"}],"about":[{"href":"https:\/\/zahnarztpraxis-klisch-waschul.de\/index.php?rest_route=\/wp\/v2\/types\/page"}],"author":[{"embeddable":true,"href":"https:\/\/zahnarztpraxis-klisch-waschul.de\/index.php?rest_route=\/wp\/v2\/users\/1"}],"replies":[{"embeddable":true,"href":"https:\/\/zahnarztpraxis-klisch-waschul.de\/index.php?rest_route=%2Fwp%2Fv2%2Fcomments&post=7"}],"version-history":[{"count":14,"href":"https:\/\/zahnarztpraxis-klisch-waschul.de\/index.php?rest_route=\/wp\/v2\/pages\/7\/revisions"}],"predecessor-version":[{"id":857,"href":"https:\/\/zahnarztpraxis-klisch-waschul.de\/index.php?rest_route=\/wp\/v2\/pages\/7\/revisions\/857"}],"wp:attachment":[{"href":"https:\/\/zahnarztpraxis-klisch-waschul.de\/index.php?rest_route=%2Fwp%2Fv2%2Fmedia&parent=7"}],"curies":[{"name":"wp","href":"https:\/\/api.w.org\/{rel}","templated":true}]}}